{"id":115,"date":"2010-03-05T18:00:38","date_gmt":"2010-03-05T18:00:38","guid":{"rendered":"http:\/\/www.cadernetadeviagem.com\/?page_id=115"},"modified":"2022-01-08T17:17:41","modified_gmt":"2022-01-08T20:17:41","slug":"my-front-page","status":"publish","type":"page","link":"https:\/\/cadernetadeviagem.com\/","title":{"rendered":""},"content":{"rendered":"\n<figure class=\"wp-block-table\"><table class=\"has-fixed-layout\"><tbody><tr><td><a href=\"http:\/\/cadernetadeviagem.com\/?p=1929\"><img loading=\"lazy\" decoding=\"async\" width=\"200\" height=\"200\" src=\"http:\/\/www.cadernetadeviagem.com\/Img2\/200200 Machu Picchu.jpg\" alt=\"londres\"><br><strong>Cusco e Machu Picchu<\/strong><br>as ru\u00ednas e o famoso santu\u00e1rio Inca<\/a><br><\/td><td><a href=\"http:\/\/cadernetadeviagem.com\/?p=273\"><img decoding=\"async\" src=\"http:\/\/www.cadernetadeviagem.com\/Img2\/200200 Provence.jpg\" alt=\"new york\" style=\"width: undefinedpx;\"><br><strong>Provence<\/strong><br>a bel\u00edssima regi\u00e3o do sul da Fran\u00e7a<\/a><\/td><\/tr><tr><td><a href=\"http:\/\/www.cadernetadeviagem.com\/?p=2271\"><img loading=\"lazy\" decoding=\"async\" width=\"200\" height=\"200\" src=\"http:\/\/www.cadernetadeviagem.com\/Img2\/200200 Los Angeles.jpg\" alt=\"new york\"><\/a><br><strong><a href=\"http:\/\/www.cadernetadeviagem.com\/?p=2271\">Los Angeles<\/a><\/strong><br>a grande cidade da Calif\u00f3rnia e ber\u00e7o de Hollywood<\/td><td><a href=\"http:\/\/www.cadernetadeviagem.com\/?p=1859\"><img loading=\"lazy\" decoding=\"async\" width=\"200\" height=\"200\" src=\"http:\/\/www.cadernetadeviagem.com\/Img1\/200200 Londres.jpg\" alt=\"londres\"><\/a><br><strong><a href=\"http:\/\/www.cadernetadeviagem.com\/?p=1859\">Londres<\/a><\/strong><br>a capital do imp\u00e9rio brit\u00e2nico, charmosa e animada<\/td><\/tr><tr><td><a href=\"http:\/\/www.cadernetadeviagem.com\/?p=227\"><img loading=\"lazy\" decoding=\"async\" width=\"200\" height=\"200\" src=\"http:\/\/www.cadernetadeviagem.com\/Img2\/200200%20Bariloche.jpg\" alt=\"bariloche\"><\/a><br><strong><a href=\"http:\/\/www.cadernetadeviagem.com\/?p=227\">Bariloche<\/a><\/strong><br>natureza bel\u00edssima e famosa esta\u00e7\u00e3o de esqui<\/td><td><a href=\"http:\/\/www.cadernetadeviagem.com\/?p=11\"><img loading=\"lazy\" decoding=\"async\" width=\"200\" height=\"200\" src=\"http:\/\/www.cadernetadeviagem.com\/Img2\/200200 Nova York.jpg\" alt=\"new york\"><\/a><br><strong><a href=\"http:\/\/www.cadernetadeviagem.com\/?p=11\">Nova York<\/a><\/strong><br>a cidade do mundo dentro dos EUA<\/td><\/tr><tr><td><a href=\"http:\/\/cadernetadeviagem.com\/?p=3350\"><img loading=\"lazy\" decoding=\"async\" width=\"200\" height=\"200\" src=\"http:\/\/www.cadernetadeviagem.com\/Img1\/200200 Paris.jpg\" alt=\"new york\"><br><strong>Paris<\/strong><br>a mais bonita cidade do mundo<\/a><\/td><td><a href=\"http:\/\/www.cadernetadeviagem.com\/?p=1012\"><img loading=\"lazy\" decoding=\"async\" width=\"200\" height=\"200\" src=\"http:\/\/www.cadernetadeviagem.com\/Img1\/200200 Italia.jpg\" alt=\"italia\"><\/a><br><strong><a href=\"http:\/\/www.cadernetadeviagem.com\/?p=1012\">It\u00e1lia<\/a><\/strong><br>um show de belas cidades: Roma, Siena, Floren\u00e7a, Veneza&#8230;<\/td><\/tr><\/tbody><\/table><\/figure>\n","protected":false},"excerpt":{"rendered":"<p>Cusco e Machu Picchuas ru\u00ednas e o famoso santu\u00e1rio Inca Provencea bel\u00edssima regi\u00e3o do sul da Fran\u00e7a Los Angelesa grande cidade da Calif\u00f3rnia e ber\u00e7o de Hollywood Londresa capital do imp\u00e9rio brit\u00e2nico, charmosa e animada Barilochenatureza bel\u00edssima e famosa esta\u00e7\u00e3o de esqui Nova Yorka cidade do mundo dentro dos EUA Parisa mais bonita cidade do &hellip; <a href=\"https:\/\/cadernetadeviagem.com\/\" class=\"more-link\">Continue lendo<span class=\"screen-reader-text\"> &#8220;&#8221;<\/span><\/a><\/p>\n","protected":false},"author":2,"featured_media":0,"parent":0,"menu_order":1,"comment_status":"closed","ping_status":"closed","template":"","meta":{"footnotes":""},"class_list":["post-115","page","type-page","status-publish","hentry"],"_links":{"self":[{"href":"https:\/\/cadernetadeviagem.com\/index.php?rest_route=\/wp\/v2\/pages\/115","targetHints":{"allow":["GET"]}}],"collection":[{"href":"https:\/\/cadernetadeviagem.com\/index.php?rest_route=\/wp\/v2\/pages"}],"about":[{"href":"https:\/\/cadernetadeviagem.com\/index.php?rest_route=\/wp\/v2\/types\/page"}],"author":[{"embeddable":true,"href":"https:\/\/cadernetadeviagem.com\/index.php?rest_route=\/wp\/v2\/users\/2"}],"replies":[{"embeddable":true,"href":"https:\/\/cadernetadeviagem.com\/index.php?rest_route=%2Fwp%2Fv2%2Fcomments&post=115"}],"version-history":[{"count":6,"href":"https:\/\/cadernetadeviagem.com\/index.php?rest_route=\/wp\/v2\/pages\/115\/revisions"}],"predecessor-version":[{"id":3372,"href":"https:\/\/cadernetadeviagem.com\/index.php?rest_route=\/wp\/v2\/pages\/115\/revisions\/3372"}],"wp:attachment":[{"href":"https:\/\/cadernetadeviagem.com\/index.php?rest_route=%2Fwp%2Fv2%2Fmedia&parent=115"}],"curies":[{"name":"wp","href":"https:\/\/api.w.org\/{rel}","templated":true}]}}